{"id":7629,"date":"2022-01-31T06:25:18","date_gmt":"2022-01-31T05:25:18","guid":{"rendered":"https:\/\/peruconsult.de\/shop\/"},"modified":"2022-07-05T18:46:08","modified_gmt":"2022-07-05T16:46:08","slug":"shop","status":"publish","type":"page","link":"https:\/\/peruconsult.de\/es\/shop\/","title":{"rendered":"Tienda"},"content":{"rendered":"\t\t<div data-elementor-type=\"wp-page\" data-elementor-id=\"7629\" class=\"elementor elementor-7629 elementor-4943\" data-elementor-post-type=\"page\">\n\t\t\t\t\t\t<section class=\"has_eae_slider elementor-section elementor-top-section elementor-element elementor-element-8c9c5d3 elementor-section-boxed elementor-section-height-default elementor-section-height-default\" data-eae-slider=\"39750\" data-id=\"8c9c5d3\" data-element_type=\"section\">\n\t\t\t\t\t\t<div class=\"elementor-container elementor-column-gap-default\">\n\t\t\t\t\t<div class=\"has_eae_slider elementor-column elementor-col-100 elementor-top-column elementor-element elementor-element-65b326f\" data-eae-slider=\"29705\" data-id=\"65b326f\" data-element_type=\"column\">\n\t\t\t<div class=\"elementor-widget-wrap elementor-element-populated\">\n\t\t\t\t\t\t<div class=\"elementor-element elementor-element-5f31cc2 acenter elementor-widget elementor-widget-wgl-double-headings\" data-id=\"5f31cc2\" data-element_type=\"widget\" data-widget_type=\"wgl-double-headings.default\">\n\t\t\t\t<div class=\"elementor-widget-container\">\n\t\t\t\t\t<div class=\"wgl-double_heading\"><div class=\"dbl__subtitle\"><span>Online<\/span><\/div><h3 class=\"dbl__title-wrapper\"><span class=\"dbl__title\">Tienda<\/span><\/h3><\/div>\t\t\t\t<\/div>\n\t\t\t\t<\/div>\n\t\t\t\t\t<\/div>\n\t\t<\/div>\n\t\t\t\t\t<\/div>\n\t\t<\/section>\n\t\t\t\t<section class=\"has_eae_slider elementor-section elementor-top-section elementor-element elementor-element-5c341a5 elementor-section-content-middle elementor-section-full_width elementor-section-height-default elementor-section-height-default\" data-eae-slider=\"74948\" data-id=\"5c341a5\" data-element_type=\"section\">\n\t\t\t\t\t\t<div class=\"elementor-container elementor-column-gap-default\">\n\t\t\t\t\t<div class=\"has_eae_slider elementor-column elementor-col-100 elementor-top-column elementor-element elementor-element-94b202a\" data-eae-slider=\"41075\" data-id=\"94b202a\" data-element_type=\"column\">\n\t\t\t<div class=\"elementor-widget-wrap elementor-element-populated\">\n\t\t\t\t\t\t<section class=\"has_eae_slider elementor-section elementor-inner-section elementor-element elementor-element-a0c4bdf elementor-section-full_width elementor-section-height-default elementor-section-height-default\" data-eae-slider=\"81532\" data-id=\"a0c4bdf\" data-element_type=\"section\">\n\t\t\t\t\t\t<div class=\"elementor-container elementor-column-gap-default\">\n\t\t\t\t\t<div class=\"has_eae_slider elementor-column elementor-col-25 elementor-inner-column elementor-element elementor-element-9841c2a\" data-eae-slider=\"75597\" data-id=\"9841c2a\" data-element_type=\"column\">\n\t\t\t<div class=\"elementor-widget-wrap elementor-element-populated\">\n\t\t\t\t\t\t<div class=\"elementor-element elementor-element-739583e has-image aleft elementor-widget-image-box wgl-image-box elementor-widget elementor-widget-wgl-info-box\" data-id=\"739583e\" data-element_type=\"widget\" data-widget_type=\"wgl-info-box.default\">\n\t\t\t\t<div class=\"elementor-widget-container\">\n\t\t\t\t\t<a href=\"https:\/\/www.bod.de\/buchshop\/business-guide-peru-holger-ehrsam-9783752898088?mc_cid=8909a3f9d1&#038;mc_eid=%5BUNIQID%5D\" class=\"wgl-infobox  wgl-layout-top\"><div class=\"media-wrapper img-wrapper\"><div class=\"wgl-image-box_img\"><span ><img fetchpriority=\"high\" decoding=\"async\" width=\"314\" height=\"499\" src=\"https:\/\/peruconsult.de\/wp-content\/uploads\/2022\/02\/33antworten.jpg\" class=\"attachment-full size-full wp-image-5316\" alt=\"\" srcset=\"https:\/\/peruconsult.de\/wp-content\/uploads\/2022\/02\/33antworten.jpg 314w, https:\/\/peruconsult.de\/wp-content\/uploads\/2022\/02\/33antworten-189x300.jpg 189w\" sizes=\"(max-width: 314px) 100vw, 314px\" \/><\/span><\/div><\/div><div class=\"wgl-infobox_wrapper\"><div class=\"wgl-infobox-title_wrapper\"><h3 class=\"wgl-infobox_title\">BUCH <br>Business Guide - Peru: 33 Antworten auf die wirtschaftlichen M\u00f6glichkeiten<\/h3><\/div><div class=\"content_wrapper\"><div class=\"wgl-infobox_content\"><p><span>Die Idee ist da, doch wie weitermachen. Mehr als 200 Seiten und mit Nachwort der Gesch\u00e4ftsf\u00fchrerin der Deutsch-Peruanischen Au\u00dfenhandelskammer Limas.<\/span><\/p>\n<\/div><\/div><div class=\"wgl-infobox-button_wrapper\"><div  class=\"wgl-infobox_button button-read-more icon-position-left\"><i aria-hidden=\"true\" class=\"flaticon flaticon-next\"><\/i><span>Comprar ahora!<\/span><\/div><\/div><\/div><\/a>\t\t\t\t<\/div>\n\t\t\t\t<\/div>\n\t\t\t\t\t<\/div>\n\t\t<\/div>\n\t\t\t\t<div class=\"has_eae_slider elementor-column elementor-col-25 elementor-inner-column elementor-element elementor-element-70a0834\" data-eae-slider=\"14446\" data-id=\"70a0834\" data-element_type=\"column\">\n\t\t\t<div class=\"elementor-widget-wrap elementor-element-populated\">\n\t\t\t\t\t\t<div class=\"elementor-element elementor-element-3568cf2 has-image aleft elementor-widget-image-box wgl-image-box elementor-widget elementor-widget-wgl-info-box\" data-id=\"3568cf2\" data-element_type=\"widget\" data-widget_type=\"wgl-info-box.default\">\n\t\t\t\t<div class=\"elementor-widget-container\">\n\t\t\t\t\t<a href=\"https:\/\/www.bod.de\/buchshop\/33-geschaeftsideen-fuer-peru-holger-ehrsam-9783746077932\" class=\"wgl-infobox  wgl-layout-top\"><div class=\"media-wrapper img-wrapper\"><div class=\"wgl-image-box_img\"><span ><img decoding=\"async\" width=\"313\" height=\"499\" src=\"https:\/\/peruconsult.de\/wp-content\/uploads\/2022\/02\/33ideen.jpg\" class=\"attachment-full size-full wp-image-5324\" alt=\"\" srcset=\"https:\/\/peruconsult.de\/wp-content\/uploads\/2022\/02\/33ideen.jpg 313w, https:\/\/peruconsult.de\/wp-content\/uploads\/2022\/02\/33ideen-188x300.jpg 188w\" sizes=\"(max-width: 313px) 100vw, 313px\" \/><\/span><\/div><\/div><div class=\"wgl-infobox_wrapper\"><div class=\"wgl-infobox-title_wrapper\"><h3 class=\"wgl-infobox_title\">BUCH <br>33 Gesch\u00e4ftsideen f\u00fcr Peru \u2013 eine Reise durch die wirtschaftlichen M\u00f6glichkeiten<\/h3><\/div><div class=\"content_wrapper\"><div class=\"wgl-infobox_content\"><p><span>Dieses Buch liefert einen Einblick in das, was Peru zu bieten hat oder aber noch braucht. Das Ergebnis ist die Zusammenfassung konkreter Gesch\u00e4ftsideen, die sich aus langj\u00e4hriger Erfahrung entwickeln.<\/span><\/p>\n<\/div><\/div><div class=\"wgl-infobox-button_wrapper\"><div  class=\"wgl-infobox_button button-read-more icon-position-left\"><i aria-hidden=\"true\" class=\"flaticon flaticon-next\"><\/i><span>Comprar ahora!<\/span><\/div><\/div><\/div><\/a>\t\t\t\t<\/div>\n\t\t\t\t<\/div>\n\t\t\t\t\t<\/div>\n\t\t<\/div>\n\t\t\t\t<div class=\"has_eae_slider elementor-column elementor-col-25 elementor-inner-column elementor-element elementor-element-2d1041e\" data-eae-slider=\"97073\" data-id=\"2d1041e\" data-element_type=\"column\">\n\t\t\t<div class=\"elementor-widget-wrap elementor-element-populated\">\n\t\t\t\t\t\t<div class=\"elementor-element elementor-element-1ae89c5 has-image aleft elementor-widget-image-box wgl-image-box elementor-widget elementor-widget-wgl-info-box\" data-id=\"1ae89c5\" data-element_type=\"widget\" data-widget_type=\"wgl-info-box.default\">\n\t\t\t\t<div class=\"elementor-widget-container\">\n\t\t\t\t\t<a href=\"https:\/\/www.digistore24.com\/product\/266871\" class=\"wgl-infobox  wgl-layout-top\"><div class=\"media-wrapper img-wrapper\"><div class=\"wgl-image-box_img\"><span ><img decoding=\"async\" width=\"313\" height=\"499\" src=\"https:\/\/peruconsult.de\/wp-content\/uploads\/2022\/02\/33ideen.jpg\" class=\"attachment-full size-full wp-image-5324\" alt=\"\" srcset=\"https:\/\/peruconsult.de\/wp-content\/uploads\/2022\/02\/33ideen.jpg 313w, https:\/\/peruconsult.de\/wp-content\/uploads\/2022\/02\/33ideen-188x300.jpg 188w\" sizes=\"(max-width: 313px) 100vw, 313px\" \/><\/span><\/div><\/div><div class=\"wgl-infobox_wrapper\"><div class=\"wgl-infobox-title_wrapper\"><h3 class=\"wgl-infobox_title\">H\u00d6RBUCH <br>33 Gesch\u00e4ftsideen f\u00fcr Peru \u2013 eine Reise durch die wirtschaftlichen M\u00f6glichkeiten<\/h3><\/div><div class=\"content_wrapper\"><div class=\"wgl-infobox_content\"><p><span>Dieses Buch liefert einen Einblick in das, was Peru zu bieten hat oder aber noch braucht. Das Ergebnis ist die Zusammenfassung konkreter Gesch\u00e4ftsideen, die sich aus langj\u00e4hriger Erfahrung entwickeln.<\/span><\/p>\n<\/div><\/div><div class=\"wgl-infobox-button_wrapper\"><div  class=\"wgl-infobox_button button-read-more icon-position-left\"><i aria-hidden=\"true\" class=\"flaticon flaticon-next\"><\/i><span>Comprar ahora!<\/span><\/div><\/div><\/div><\/a>\t\t\t\t<\/div>\n\t\t\t\t<\/div>\n\t\t\t\t\t<\/div>\n\t\t<\/div>\n\t\t\t\t<div class=\"has_eae_slider elementor-column elementor-col-25 elementor-inner-column elementor-element elementor-element-d59fb65\" data-eae-slider=\"70668\" data-id=\"d59fb65\" data-element_type=\"column\">\n\t\t\t<div class=\"elementor-widget-wrap elementor-element-populated\">\n\t\t\t\t\t\t<div class=\"elementor-element elementor-element-3c699ab has-image aleft elementor-widget-image-box wgl-image-box elementor-widget elementor-widget-wgl-info-box\" data-id=\"3c699ab\" data-element_type=\"widget\" data-widget_type=\"wgl-info-box.default\">\n\t\t\t\t<div class=\"elementor-widget-container\">\n\t\t\t\t\t<a href=\"https:\/\/www.digistore24.com\/product\/239734\" class=\"wgl-infobox  wgl-layout-top\"><div class=\"media-wrapper img-wrapper\"><div class=\"wgl-image-box_img\"><span ><img decoding=\"async\" width=\"405\" height=\"585\" src=\"https:\/\/peruconsult.de\/wp-content\/uploads\/2022\/03\/33_ideas.png\" class=\"attachment-full size-full wp-image-6521\" alt=\"\" srcset=\"https:\/\/peruconsult.de\/wp-content\/uploads\/2022\/03\/33_ideas.png 405w, https:\/\/peruconsult.de\/wp-content\/uploads\/2022\/03\/33_ideas-208x300.png 208w\" sizes=\"(max-width: 405px) 100vw, 405px\" \/><\/span><\/div><\/div><div class=\"wgl-infobox_wrapper\"><div class=\"wgl-infobox-title_wrapper\"><h3 class=\"wgl-infobox_title\">BUCH <br>33 Ideas de negocios para Per\u00fa<\/h3><\/div><div class=\"content_wrapper\"><div class=\"wgl-infobox_content\"><p>Este libro es un compa\u00f1ero ideal en sus viajes y vacaciones. Mu\u00e9vase y d\u00e9jese inspirar cuando Per\u00fa est\u00e9 siempre cerca de su coraz\u00f3n y quiera realizar su idea de negocio aqu\u00ed.<\/p>\n<p>No es una receta para el \u00e9xito, sino un impulso de pensamiento \u00fatil para el \u00e9xito en el mundo de negocios. No les digo c\u00f3mo ganan millones o no van por su \u00e9xito.<\/p>\n<\/div><\/div><div class=\"wgl-infobox-button_wrapper\"><div  class=\"wgl-infobox_button button-read-more icon-position-left\"><i aria-hidden=\"true\" class=\"flaticon flaticon-next\"><\/i><span>Comprar ahora!<\/span><\/div><\/div><\/div><\/a>\t\t\t\t<\/div>\n\t\t\t\t<\/div>\n\t\t\t\t\t<\/div>\n\t\t<\/div>\n\t\t\t\t\t<\/div>\n\t\t<\/section>\n\t\t\t\t<section class=\"has_eae_slider elementor-section elementor-inner-section elementor-element elementor-element-3d7d87c elementor-section-full_width elementor-section-height-default elementor-section-height-default\" data-eae-slider=\"8191\" data-id=\"3d7d87c\" data-element_type=\"section\">\n\t\t\t\t\t\t<div class=\"elementor-container elementor-column-gap-default\">\n\t\t\t\t\t<div class=\"has_eae_slider elementor-column elementor-col-25 elementor-inner-column elementor-element elementor-element-43ba392\" data-eae-slider=\"87071\" data-id=\"43ba392\" data-element_type=\"column\">\n\t\t\t<div class=\"elementor-widget-wrap elementor-element-populated\">\n\t\t\t\t\t\t<div class=\"elementor-element elementor-element-8460bff has-image aleft elementor-widget-image-box wgl-image-box elementor-widget elementor-widget-wgl-info-box\" data-id=\"8460bff\" data-element_type=\"widget\" data-widget_type=\"wgl-info-box.default\">\n\t\t\t\t<div class=\"elementor-widget-container\">\n\t\t\t\t\t<a href=\"https:\/\/www.digistore24.com\/product\/271948\" class=\"wgl-infobox  wgl-layout-top\"><div class=\"media-wrapper img-wrapper\"><div class=\"wgl-image-box_img\"><span ><img loading=\"lazy\" decoding=\"async\" width=\"1085\" height=\"590\" src=\"https:\/\/peruconsult.de\/wp-content\/uploads\/2022\/01\/persona_coachy.jpg\" class=\"attachment-full size-full wp-image-4984\" alt=\"\" srcset=\"https:\/\/peruconsult.de\/wp-content\/uploads\/2022\/01\/persona_coachy.jpg 1085w, https:\/\/peruconsult.de\/wp-content\/uploads\/2022\/01\/persona_coachy-300x163.jpg 300w, https:\/\/peruconsult.de\/wp-content\/uploads\/2022\/01\/persona_coachy-1024x557.jpg 1024w, https:\/\/peruconsult.de\/wp-content\/uploads\/2022\/01\/persona_coachy-768x418.jpg 768w\" sizes=\"(max-width: 1085px) 100vw, 1085px\" \/><\/span><\/div><\/div><div class=\"wgl-infobox_wrapper\"><div class=\"wgl-infobox-title_wrapper\"><h3 class=\"wgl-infobox_title\">VIDEO <br>Videoworkshop \"Persona\"<\/h3><\/div><div class=\"content_wrapper\"><div class=\"wgl-infobox_content\"><p>Der sichere Weg, um den Kunden besser kennenzulernen und gl\u00fccklich zu machen.<\/p>\n<p>Damit du dir ein noch konkreteres Bild deiner zu erreichenden Zielgruppe machen kannst, erarbeitest du dir eine \u201cPersona\u201d. Dabei handelt es sich um fiktive Personen, die als Stellvertreter f\u00fcr deine bestimmte Zielgruppe steht.<\/p>\n<p>Mit Vordruck und 10 min\u00fctiger Videobegleitung damit du es einfacher hast.<\/p>\n<\/div><\/div><div class=\"wgl-infobox-button_wrapper\"><div  class=\"wgl-infobox_button button-read-more icon-position-left\"><i aria-hidden=\"true\" class=\"flaticon flaticon-next\"><\/i><span>Comprar ahora!<\/span><\/div><\/div><\/div><\/a>\t\t\t\t<\/div>\n\t\t\t\t<\/div>\n\t\t\t\t\t<\/div>\n\t\t<\/div>\n\t\t\t\t<div class=\"has_eae_slider elementor-column elementor-col-25 elementor-inner-column elementor-element elementor-element-b9e74cf\" data-eae-slider=\"87157\" data-id=\"b9e74cf\" data-element_type=\"column\">\n\t\t\t<div class=\"elementor-widget-wrap elementor-element-populated\">\n\t\t\t\t\t\t<div class=\"elementor-element elementor-element-198b5ed has-image aleft elementor-widget-image-box wgl-image-box elementor-widget elementor-widget-wgl-info-box\" data-id=\"198b5ed\" data-element_type=\"widget\" data-widget_type=\"wgl-info-box.default\">\n\t\t\t\t<div class=\"elementor-widget-container\">\n\t\t\t\t\t<a href=\"https:\/\/www.digistore24.com\/product\/177947\" class=\"wgl-infobox  wgl-layout-top\"><div class=\"media-wrapper img-wrapper\"><div class=\"wgl-image-box_img\"><span ><img loading=\"lazy\" decoding=\"async\" width=\"500\" height=\"646\" src=\"https:\/\/peruconsult.de\/wp-content\/uploads\/2022\/07\/superfood.jpg\" class=\"attachment-full size-full wp-image-7682\" alt=\"\" srcset=\"https:\/\/peruconsult.de\/wp-content\/uploads\/2022\/07\/superfood.jpg 500w, https:\/\/peruconsult.de\/wp-content\/uploads\/2022\/07\/superfood-232x300.jpg 232w\" sizes=\"(max-width: 500px) 100vw, 500px\" \/><\/span><\/div><\/div><div class=\"wgl-infobox_wrapper\"><div class=\"wgl-infobox-title_wrapper\"><h3 class=\"wgl-infobox_title\">VIDEO <br>Superfoods - das neue Gold Perus: Expertenvideo<\/h3><\/div><div class=\"content_wrapper\"><div class=\"wgl-infobox_content\"><p><span>Experten-Video mit Holger Ehrsam<\/span><\/p>\n<p><span>Die durchgef\u00fchrte live-Pr\u00e4sentation ist nun auch als Download-Version erh\u00e4ltlich!<\/span><\/p>\n<p><span>Hast Du vielleicht eines der live-Pr\u00e4sentationen in Deutschland zu Superfoods aus Peru verpasst?<\/span><\/p>\n<p><span>Kein Problem! Nun kannst Du das Expertenvideo \"Superfoods - das neue Gold Peru\" erwerben, um es immer zur Verf\u00fcgung zu haben - auch offline!\u201d<\/span><\/p>\n<\/div><\/div><div class=\"wgl-infobox-button_wrapper\"><div  class=\"wgl-infobox_button button-read-more icon-position-left\"><i aria-hidden=\"true\" class=\"flaticon flaticon-next\"><\/i><span>Comprar ahora!<\/span><\/div><\/div><\/div><\/a>\t\t\t\t<\/div>\n\t\t\t\t<\/div>\n\t\t\t\t\t<\/div>\n\t\t<\/div>\n\t\t\t\t<div class=\"has_eae_slider elementor-column elementor-col-25 elementor-inner-column elementor-element elementor-element-5118617\" data-eae-slider=\"56440\" data-id=\"5118617\" data-element_type=\"column\">\n\t\t\t<div class=\"elementor-widget-wrap\">\n\t\t\t\t\t\t\t<\/div>\n\t\t<\/div>\n\t\t\t\t<div class=\"has_eae_slider elementor-column elementor-col-25 elementor-inner-column elementor-element elementor-element-aa6684a\" data-eae-slider=\"84487\" data-id=\"aa6684a\" data-element_type=\"column\">\n\t\t\t<div class=\"elementor-widget-wrap\">\n\t\t\t\t\t\t\t<\/div>\n\t\t<\/div>\n\t\t\t\t\t<\/div>\n\t\t<\/section>\n\t\t\t\t\t<\/div>\n\t\t<\/div>\n\t\t\t\t\t<\/div>\n\t\t<\/section>\n\t\t\t\t<\/div>\n\t\t","protected":false},"excerpt":{"rendered":"<p>Online Tienda BUCH Business Guide &#8211; Peru: 33 Antworten auf die wirtschaftlichen M\u00f6glichkeiten Die Idee ist da, doch wie weitermachen. Mehr als 200 Seiten und mit Nachwort der Gesch\u00e4ftsf\u00fchrerin der [&hellip;]<\/p>\n","protected":false},"author":1,"featured_media":0,"parent":0,"menu_order":0,"comment_status":"closed","ping_status":"closed","template":"","meta":{"footnotes":""},"class_list":["post-7629","page","type-page","status-publish","hentry"],"_links":{"self":[{"href":"https:\/\/peruconsult.de\/es\/wp-json\/wp\/v2\/pages\/7629","targetHints":{"allow":["GET"]}}],"collection":[{"href":"https:\/\/peruconsult.de\/es\/wp-json\/wp\/v2\/pages"}],"about":[{"href":"https:\/\/peruconsult.de\/es\/wp-json\/wp\/v2\/types\/page"}],"author":[{"embeddable":true,"href":"https:\/\/peruconsult.de\/es\/wp-json\/wp\/v2\/users\/1"}],"replies":[{"embeddable":true,"href":"https:\/\/peruconsult.de\/es\/wp-json\/wp\/v2\/comments?post=7629"}],"version-history":[{"count":0,"href":"https:\/\/peruconsult.de\/es\/wp-json\/wp\/v2\/pages\/7629\/revisions"}],"wp:attachment":[{"href":"https:\/\/peruconsult.de\/es\/wp-json\/wp\/v2\/media?parent=7629"}],"curies":[{"name":"wp","href":"https:\/\/api.w.org\/{rel}","templated":true}]}}