{"id":7564,"date":"2020-02-24T14:33:10","date_gmt":"2020-02-24T14:33:10","guid":{"rendered":"https:\/\/peruconsult.de\/blog\/"},"modified":"2022-06-28T03:26:18","modified_gmt":"2022-06-28T01:26:18","slug":"blog","status":"publish","type":"page","link":"https:\/\/peruconsult.de\/es\/blog\/","title":{"rendered":"Blog"},"content":{"rendered":"\t\t<div data-elementor-type=\"wp-page\" data-elementor-id=\"7564\" class=\"elementor elementor-7564 elementor-897\" data-elementor-post-type=\"page\">\n\t\t\t\t\t\t<section class=\"has_eae_slider elementor-section elementor-top-section elementor-element elementor-element-753d42a elementor-section-boxed elementor-section-height-default elementor-section-height-default\" data-eae-slider=\"82895\" data-id=\"753d42a\" data-element_type=\"section\">\n\t\t\t\t\t\t<div class=\"elementor-container elementor-column-gap-default\">\n\t\t\t\t\t<div class=\"has_eae_slider elementor-column elementor-col-100 elementor-top-column elementor-element elementor-element-10a8c2d\" data-eae-slider=\"72846\" data-id=\"10a8c2d\" data-element_type=\"column\">\n\t\t\t<div class=\"elementor-widget-wrap elementor-element-populated\">\n\t\t\t\t\t\t<div class=\"elementor-element elementor-element-f0f0fb4 elementor-widget elementor-widget-wgl-blog\" data-id=\"f0f0fb4\" data-element_type=\"widget\" data-settings=\"{&quot;blog_columns&quot;:&quot;6&quot;}\" data-widget_type=\"wgl-blog.default\">\n\t\t\t\t<div class=\"elementor-widget-container\">\n\t\t\t\t\t<section class=\"wgl_cpt_section\"><div class=\"blog-posts\"><div class=\"container-grid row  blog_columns-2 grid blog-style-standard\"><div class=\"wgl_col-6 item\"><div class=\"blog-post format-standard-image\"><div class=\"blog-post_wrapper\"><div class=\"blog-post_media\"><div class=\"blog-post_media_part\"><a href=\"https:\/\/peruconsult.de\/es\/la-ventaja-del-microemprendimiento-en-la-gestion-de-marca\/\" class=\"blog-post_feature-link\"><img src='https:\/\/peruconsult.de\/wp-content\/uploads\/2026\/02\/Foto-de-portada-990x840-990x840.jpg' alt='' \/><\/a><\/div><\/div><span class=\"post_date\"><span>21<\/span> Feb<\/span><div class=\"blog-post_content\"><h3 class=\"blog-post_title\"><a href=\"https:\/\/peruconsult.de\/es\/la-ventaja-del-microemprendimiento-en-la-gestion-de-marca\/\">La Ventaja del Microemprendimiento en la Gesti\u00f3n de Marca<\/a><\/h3><div class=\"blog-post_text\"><p>La Ventaja del Microemprendimiento en la Gesti\u00f3n de Marca\n\u00a0\nIntroducci\u00f3n\nCuando se habla de gesti\u00f3n de marca, muchos piensan en grandes empresas con presupuestos millonarios de marketing. Sin...<\/p><\/div><a href=\"https:\/\/peruconsult.de\/es\/la-ventaja-del-microemprendimiento-en-la-gestion-de-marca\/\" class=\"button-read-more\"><span class=\"read-more-arrow\"><\/span>Leer m\u00e1s<\/a><\/div><\/div><\/div><\/div><div class=\"wgl_col-6 item\"><div class=\"blog-post format-standard-image\"><div class=\"blog-post_wrapper\"><div class=\"blog-post_media\"><div class=\"blog-post_media_part\"><a href=\"https:\/\/peruconsult.de\/es\/que-ocurre-cuando-un-sueno-emprendedor-se-vuelve-mas-silencioso-y-aun-asi-permanece\/\" class=\"blog-post_feature-link\"><img src='https:\/\/peruconsult.de\/wp-content\/uploads\/2025\/12\/Anke-990x840.jpg' alt='' \/><\/a><\/div><\/div><span class=\"post_date\"><span>24<\/span> Ene<\/span><div class=\"blog-post_content\"><h3 class=\"blog-post_title\"><a href=\"https:\/\/peruconsult.de\/es\/que-ocurre-cuando-un-sueno-emprendedor-se-vuelve-mas-silencioso-y-aun-asi-permanece\/\">\u00bfQu\u00e9 ocurre cuando un sue\u00f1o emprendedor se vuelve m\u00e1s silencioso y, aun as\u00ed, permanece?<\/a><\/h3><div class=\"blog-post_text\"><p>Dra. Anke Kaulard\n\u00bfQu\u00e9 ocurre cuando un sue\u00f1o emprendedor se vuelve m\u00e1s silencioso y, aun as\u00ed, permanece?\nLa Historia\nPer\u00fa, el cacao y el camino de una fundadora en la di\u00e1spora dan forma a esta...<\/p><\/div><a href=\"https:\/\/peruconsult.de\/es\/que-ocurre-cuando-un-sueno-emprendedor-se-vuelve-mas-silencioso-y-aun-asi-permanece\/\" class=\"button-read-more\"><span class=\"read-more-arrow\"><\/span>Leer m\u00e1s<\/a><\/div><\/div><\/div><\/div><div class=\"wgl_col-6 item\"><div class=\"blog-post format-standard-image\"><div class=\"blog-post_wrapper\"><div class=\"blog-post_media\"><div class=\"blog-post_media_part\"><a href=\"https:\/\/peruconsult.de\/es\/gino-paolo-valderas-emprendimiento-entre-origen-valores-y-elegancia-atemporal\/\" class=\"blog-post_feature-link\"><img src='https:\/\/peruconsult.de\/wp-content\/uploads\/2025\/12\/Gino-990x840.jpg' alt='' \/><\/a><\/div><\/div><span class=\"post_date\"><span>23<\/span> Ene<\/span><div class=\"blog-post_content\"><h3 class=\"blog-post_title\"><a href=\"https:\/\/peruconsult.de\/es\/gino-paolo-valderas-emprendimiento-entre-origen-valores-y-elegancia-atemporal\/\">Gino Paolo Valderas \u2013 Emprendimiento entre origen, valores y elegancia atemporal<\/a><\/h3><div class=\"blog-post_text\"><p>Gino Paolo Valderas \u2013 Emprendimiento entre origen, valores y elegancia atemporal\nLa empresa Kokomomo\nCon Kokomomo, Gino Paolo Valderas ha creado una marca que habla deliberadamente en voz baja....<\/p><\/div><a href=\"https:\/\/peruconsult.de\/es\/gino-paolo-valderas-emprendimiento-entre-origen-valores-y-elegancia-atemporal\/\" class=\"button-read-more\"><span class=\"read-more-arrow\"><\/span>Leer m\u00e1s<\/a><\/div><\/div><\/div><\/div><div class=\"wgl_col-6 item\"><div class=\"blog-post format-standard-image\"><div class=\"blog-post_wrapper\"><div class=\"blog-post_media\"><div class=\"blog-post_media_part\"><a href=\"https:\/\/peruconsult.de\/es\/de-la-autoimagen-a-la-imagen-de-marca-midiendo-la-percepcion-externa\/\" class=\"blog-post_feature-link\"><img src='https:\/\/peruconsult.de\/wp-content\/uploads\/2026\/01\/Imagen-empresarial-2-990x840-990x840.jpg' alt='' \/><\/a><\/div><\/div><span class=\"post_date\"><span>23<\/span> Ene<\/span><div class=\"blog-post_content\"><h3 class=\"blog-post_title\"><a href=\"https:\/\/peruconsult.de\/es\/de-la-autoimagen-a-la-imagen-de-marca-midiendo-la-percepcion-externa\/\">De la Autoimagen a la Imagen de Marca \u2013 Midiendo la Percepci\u00f3n Externa<\/a><\/h3><div class=\"blog-post_text\"><p>De la Autoimagen al Imagen de Marca \u2013 Midiendo la Percepci\u00f3n Externa\n\u00a0\nIntroducci\u00f3n\nUna marca no existe \u00fanicamente a trav\u00e9s de lo que una empresa comunica sobre s\u00ed misma, sino sobre todo por lo...<\/p><\/div><a href=\"https:\/\/peruconsult.de\/es\/de-la-autoimagen-a-la-imagen-de-marca-midiendo-la-percepcion-externa\/\" class=\"button-read-more\"><span class=\"read-more-arrow\"><\/span>Leer m\u00e1s<\/a><\/div><\/div><\/div><\/div><div class=\"wgl_col-6 item\"><div class=\"blog-post format-standard-image\"><div class=\"blog-post_wrapper\"><div class=\"blog-post_media\"><div class=\"blog-post_media_part\"><a href=\"https:\/\/peruconsult.de\/es\/posicionamiento-estrategico-para-emprendedores-como-distinguirte-del-competidor\/\" class=\"blog-post_feature-link\"><img src='https:\/\/peruconsult.de\/wp-content\/uploads\/2025\/10\/Planning-990x840-990x840.jpg' alt='Businesspeople planning on a glass wall' \/><\/a><\/div><\/div><span class=\"post_date\"><span>30<\/span> Oct<\/span><div class=\"blog-post_content\"><h3 class=\"blog-post_title\"><a href=\"https:\/\/peruconsult.de\/es\/posicionamiento-estrategico-para-emprendedores-como-distinguirte-del-competidor\/\">Posicionamiento Estrat\u00e9gico para Emprendedores \u2013 C\u00f3mo Distinguirte del Competidor<\/a><\/h3><div class=\"blog-post_text\"><p>Posicionamiento Estrat\u00e9gico para Emprendedores \u2013 C\u00f3mo Distinguirte del Competidor\n\u00a0\nIntroducci\u00f3n\nEn un mercado saturado, no basta con tener un buen producto o servicio. La clave est\u00e1 en c\u00f3mo tu...<\/p><\/div><a href=\"https:\/\/peruconsult.de\/es\/posicionamiento-estrategico-para-emprendedores-como-distinguirte-del-competidor\/\" class=\"button-read-more\"><span class=\"read-more-arrow\"><\/span>Leer m\u00e1s<\/a><\/div><\/div><\/div><\/div><div class=\"wgl_col-6 item\"><div class=\"blog-post format-standard-image\"><div class=\"blog-post_wrapper\"><div class=\"blog-post_media\"><div class=\"blog-post_media_part\"><a href=\"https:\/\/peruconsult.de\/es\/expoalimentaria-2025-la-vitrina-del-talento-agroindustrial-peruano\/\" class=\"blog-post_feature-link\"><img src='https:\/\/peruconsult.de\/wp-content\/uploads\/2025\/09\/Brand-identity-990x840-990x840.jpg' alt='' \/><\/a><\/div><\/div><span class=\"post_date\"><span>27<\/span> Sep<\/span><div class=\"blog-post_content\"><h3 class=\"blog-post_title\"><a href=\"https:\/\/peruconsult.de\/es\/expoalimentaria-2025-la-vitrina-del-talento-agroindustrial-peruano\/\">Expoalimentaria 2025: La vitrina del talento agroindustrial peruano<\/a><\/h3><div class=\"blog-post_text\"><p>Expoalimentaria 2025: La vitrina del talento agroindustrial peruano\nLa Expoalimentaria 2025, celebrada del 24 al 26 de septiembre en Lima, Per\u00fa, se consolid\u00f3 como la principal plataforma de...<\/p><\/div><a href=\"https:\/\/peruconsult.de\/es\/expoalimentaria-2025-la-vitrina-del-talento-agroindustrial-peruano\/\" class=\"button-read-more\"><span class=\"read-more-arrow\"><\/span>Leer m\u00e1s<\/a><\/div><\/div><\/div><\/div><div class=\"wgl_col-6 item\"><div class=\"blog-post format-standard-image\"><div class=\"blog-post_wrapper\"><div class=\"blog-post_media\"><div class=\"blog-post_media_part\"><a href=\"https:\/\/peruconsult.de\/es\/la-identidad-de-marca-el-adn-de-tu-emprendimiento\/\" class=\"blog-post_feature-link\"><img src='https:\/\/peruconsult.de\/wp-content\/uploads\/2025\/09\/Brand-identity-990x840-990x840.jpg' alt='' \/><\/a><\/div><\/div><span class=\"post_date\"><span>27<\/span> Sep<\/span><div class=\"blog-post_content\"><h3 class=\"blog-post_title\"><a href=\"https:\/\/peruconsult.de\/es\/la-identidad-de-marca-el-adn-de-tu-emprendimiento\/\">La Identidad de Marca \u2013 El ADN de tu Emprendimiento<\/a><\/h3><div class=\"blog-post_text\"><p>La Identidad de Marca \u2013 El ADN de tu Emprendimiento\n\u00a0\nIntroducci\u00f3n\nPara un emprendedor, la marca es mucho m\u00e1s que un logotipo o un nombre. Es la base sobre la que se construye el \u00e9xito a largo...<\/p><\/div><a href=\"https:\/\/peruconsult.de\/es\/la-identidad-de-marca-el-adn-de-tu-emprendimiento\/\" class=\"button-read-more\"><span class=\"read-more-arrow\"><\/span>Leer m\u00e1s<\/a><\/div><\/div><\/div><\/div><div class=\"wgl_col-6 item\"><div class=\"blog-post format-standard-image\"><div class=\"blog-post_wrapper\"><div class=\"blog-post_media\"><div class=\"blog-post_media_part\"><a href=\"https:\/\/peruconsult.de\/es\/constitucion-de-empresas-y-registro-de-marcas-y-patentes-en-alemania\/\" class=\"blog-post_feature-link\"><img src='https:\/\/peruconsult.de\/wp-content\/uploads\/2025\/09\/Business-consolidation-990x840-990x840.jpg' alt='Business consolidation concept. Office characters working together' \/><\/a><\/div><\/div><span class=\"post_date\"><span>27<\/span> Sep<\/span><div class=\"blog-post_content\"><h3 class=\"blog-post_title\"><a href=\"https:\/\/peruconsult.de\/es\/constitucion-de-empresas-y-registro-de-marcas-y-patentes-en-alemania\/\">Constituci\u00f3n de empresas y registro de marcas y patentes en Alemania<\/a><\/h3><div class=\"blog-post_text\"><p>Dropshipping &#8211; \u00bfUna revoluci\u00f3n en el comercio electr\u00f3nico de productos peruanos en Alemania? \u00bfQu\u00e9 es &#8220;Dropshipping&#8221; de todos modos?\nEn los tiempos modernos, el comercio...<\/p><\/div><a href=\"https:\/\/peruconsult.de\/es\/constitucion-de-empresas-y-registro-de-marcas-y-patentes-en-alemania\/\" class=\"button-read-more\"><span class=\"read-more-arrow\"><\/span>Leer m\u00e1s<\/a><\/div><\/div><\/div><\/div><div class=\"wgl_col-6 item\"><div class=\"blog-post format-standard-image\"><div class=\"blog-post_wrapper\"><div class=\"blog-post_media\"><div class=\"blog-post_media_part\"><a href=\"https:\/\/peruconsult.de\/es\/1-de-agosto-es-hora-de-celebrar-a-los-gentiles-gigantes-de-los-andes\/\" class=\"blog-post_feature-link\"><img src='https:\/\/peruconsult.de\/wp-content\/uploads\/2025\/08\/Rebano-de-alpacas-para-portada-recortada-990x668-990x840.jpg' alt='' \/><\/a><\/div><\/div><span class=\"post_date\"><span>14<\/span> Ago<\/span><div class=\"blog-post_content\"><h3 class=\"blog-post_title\"><a href=\"https:\/\/peruconsult.de\/es\/1-de-agosto-es-hora-de-celebrar-a-los-gentiles-gigantes-de-los-andes\/\">1 de agosto: \u00a1Es hora de celebrar a los gentiles gigantes de los Andes!<\/a><\/h3><div class=\"blog-post_text\"><p>1 de agosto: \u00a1Es hora de celebrar a los gentiles gigantes de los Andes!\nImagina que est\u00e1s en los Andes peruanos, a m\u00e1s de 3000 metros de altura. Durante el d\u00eda, el sol brilla intensamente, pero...<\/p><\/div><a href=\"https:\/\/peruconsult.de\/es\/1-de-agosto-es-hora-de-celebrar-a-los-gentiles-gigantes-de-los-andes\/\" class=\"button-read-more\"><span class=\"read-more-arrow\"><\/span>Leer m\u00e1s<\/a><\/div><\/div><\/div><\/div><div class=\"wgl_col-6 item\"><div class=\"blog-post format-standard-image\"><div class=\"blog-post_wrapper\"><div class=\"blog-post_media\"><div class=\"blog-post_media_part\"><a href=\"https:\/\/peruconsult.de\/es\/inteligencia-artificial-generativa-en-la-gestion-empresarial-perspectivas-desde-la-practica-de-emprendedores-peruanos-en-alemania\/\" class=\"blog-post_feature-link\"><img src='https:\/\/peruconsult.de\/wp-content\/uploads\/2025\/06\/Gemini_Generated_Image_1-990x840-990x840.jpg' alt='' \/><\/a><\/div><\/div><span class=\"post_date\"><span>24<\/span> Jun<\/span><div class=\"blog-post_content\"><h3 class=\"blog-post_title\"><a href=\"https:\/\/peruconsult.de\/es\/inteligencia-artificial-generativa-en-la-gestion-empresarial-perspectivas-desde-la-practica-de-emprendedores-peruanos-en-alemania\/\">Inteligencia artificial generativa en la gesti\u00f3n empresarial \u2013 Perspectivas desde la pr\u00e1ctica de emprendedores peruanos en Alemania<\/a><\/h3><div class=\"blog-post_text\"><p>Inteligencia artificial generativa en la gesti\u00f3n empresarial \u2013 Perspectivas desde la pr\u00e1ctica de emprendedores peruanos en Alemania\nEl uso de inteligencia artificial generativa (GenIA) est\u00e1...<\/p><\/div><a href=\"https:\/\/peruconsult.de\/es\/inteligencia-artificial-generativa-en-la-gestion-empresarial-perspectivas-desde-la-practica-de-emprendedores-peruanos-en-alemania\/\" class=\"button-read-more\"><span class=\"read-more-arrow\"><\/span>Leer m\u00e1s<\/a><\/div><\/div><\/div><\/div><div class=\"wgl_col-6 item\"><div class=\"blog-post format-standard-image\"><div class=\"blog-post_wrapper\"><div class=\"blog-post_media\"><div class=\"blog-post_media_part\"><a href=\"https:\/\/peruconsult.de\/es\/momentos-mas-destacados-de-nuestra-4ta-conferencia-de-emprendimiento-peru-alemania\/\" class=\"blog-post_feature-link\"><img src='https:\/\/peruconsult.de\/wp-content\/uploads\/2025\/03\/Emprendimiento-990x840.jpg' alt='' \/><\/a><\/div><\/div><span class=\"post_date\"><span>24<\/span> Mar<\/span><div class=\"blog-post_content\"><h3 class=\"blog-post_title\"><a href=\"https:\/\/peruconsult.de\/es\/momentos-mas-destacados-de-nuestra-4ta-conferencia-de-emprendimiento-peru-alemania\/\">Momentos m\u00e1s destacados de nuestra 4ta. Conferencia de Emprendimiento Per\u00fa-Alemania<\/a><\/h3><div class=\"blog-post_text\"><p>Momentos m\u00e1s destacados de nuestra 4ta. Conferencia de Emprendimiento Per\u00fa-Alemania\nEl pasado 14 de marzo se llev\u00f3 a cabo nuestra 4ta. Conferencia de Emprendimiento, un evento que reuni\u00f3 a ocho...<\/p><\/div><a href=\"https:\/\/peruconsult.de\/es\/momentos-mas-destacados-de-nuestra-4ta-conferencia-de-emprendimiento-peru-alemania\/\" class=\"button-read-more\"><span class=\"read-more-arrow\"><\/span>Leer m\u00e1s<\/a><\/div><\/div><\/div><\/div><div class=\"wgl_col-6 item\"><div class=\"blog-post format-standard-image\"><div class=\"blog-post_wrapper\"><div class=\"blog-post_media\"><div class=\"blog-post_media_part\"><a href=\"https:\/\/peruconsult.de\/es\/el-mercado-global-de-la-quinua\/\" class=\"blog-post_feature-link\"><img src='https:\/\/peruconsult.de\/wp-content\/uploads\/2025\/03\/Plantaciones-de-Quinua-1-990x840.jpg' alt='' \/><\/a><\/div><\/div><span class=\"post_date\"><span>24<\/span> Mar<\/span><div class=\"blog-post_content\"><h3 class=\"blog-post_title\"><a href=\"https:\/\/peruconsult.de\/es\/el-mercado-global-de-la-quinua\/\">El Mercado Global de la Quinua: Retos y Estrategias para Mantener la Competitividad<\/a><\/h3><div class=\"blog-post_text\"><p>El Mercado Global de la Quinua: Retos y Estrategias para Mantener la Competitividad\n\u00a0\nRetos\nEl mercado global de la quinua ha experimentado cambios significativos en la \u00faltima d\u00e9cada. Aunque Per\u00fa...<\/p><\/div><a href=\"https:\/\/peruconsult.de\/es\/el-mercado-global-de-la-quinua\/\" class=\"button-read-more\"><span class=\"read-more-arrow\"><\/span>Leer m\u00e1s<\/a><\/div><\/div><\/div><\/div><\/div><\/div><\/section>\t\t\t\t<\/div>\n\t\t\t\t<\/div>\n\t\t\t\t\t<\/div>\n\t\t<\/div>\n\t\t\t\t\t<\/div>\n\t\t<\/section>\n\t\t\t\t<section class=\"has_eae_slider elementor-section elementor-top-section elementor-element elementor-element-30030de elementor-section-boxed elementor-section-height-default elementor-section-height-default\" data-eae-slider=\"24044\" data-id=\"30030de\" data-element_type=\"section\">\n\t\t\t\t\t\t<div class=\"elementor-container elementor-column-gap-default\">\n\t\t\t\t\t<div class=\"has_eae_slider elementor-column elementor-col-100 elementor-top-column elementor-element elementor-element-46ba5c6\" data-eae-slider=\"67492\" data-id=\"46ba5c6\" data-element_type=\"column\">\n\t\t\t<div class=\"elementor-widget-wrap elementor-element-populated\">\n\t\t\t\t\t\t<div class=\"elementor-element elementor-element-7209b80 elementor-widget elementor-widget-spacer\" data-id=\"7209b80\" data-element_type=\"widget\" data-widget_type=\"spacer.default\">\n\t\t\t\t<div class=\"elementor-widget-container\">\n\t\t\t\t\t\t\t<div class=\"elementor-spacer\">\n\t\t\t<div class=\"elementor-spacer-inner\"><\/div>\n\t\t<\/div>\n\t\t\t\t\t\t<\/div>\n\t\t\t\t<\/div>\n\t\t\t\t\t<\/div>\n\t\t<\/div>\n\t\t\t\t\t<\/div>\n\t\t<\/section>\n\t\t\t\t<\/div>\n\t\t","protected":false},"excerpt":{"rendered":"<p>24 Jun Allpa: Qualit\u00e4t, die von Herzen kommt .elementor-7483 .elementor-element.elementor-element-562f213 .elementor-spacer-inner{&#8211;spacer-size:2px;}.elementor-7483 .elementor-element.elementor-element-ea2956b&#8230; Leer m\u00e1s31 Mai Online Shop Teil 1 \u2013 7 Schritte f\u00fcr den Aufbau deines Online-Shops f\u00fcr Produkte aus [&hellip;]<\/p>\n","protected":false},"author":1,"featured_media":0,"parent":0,"menu_order":0,"comment_status":"closed","ping_status":"closed","template":"","meta":{"footnotes":""},"class_list":["post-7564","page","type-page","status-publish","hentry"],"_links":{"self":[{"href":"https:\/\/peruconsult.de\/es\/wp-json\/wp\/v2\/pages\/7564","targetHints":{"allow":["GET"]}}],"collection":[{"href":"https:\/\/peruconsult.de\/es\/wp-json\/wp\/v2\/pages"}],"about":[{"href":"https:\/\/peruconsult.de\/es\/wp-json\/wp\/v2\/types\/page"}],"author":[{"embeddable":true,"href":"https:\/\/peruconsult.de\/es\/wp-json\/wp\/v2\/users\/1"}],"replies":[{"embeddable":true,"href":"https:\/\/peruconsult.de\/es\/wp-json\/wp\/v2\/comments?post=7564"}],"version-history":[{"count":0,"href":"https:\/\/peruconsult.de\/es\/wp-json\/wp\/v2\/pages\/7564\/revisions"}],"wp:attachment":[{"href":"https:\/\/peruconsult.de\/es\/wp-json\/wp\/v2\/media?parent=7564"}],"curies":[{"name":"wp","href":"https:\/\/api.w.org\/{rel}","templated":true}]}}