{"id":11130,"date":"2025-01-24T17:10:00","date_gmt":"2025-01-24T16:10:00","guid":{"rendered":"https:\/\/peruconsult.de\/?page_id=11130"},"modified":"2025-01-24T21:12:49","modified_gmt":"2025-01-24T20:12:49","slug":"sostenibilidad","status":"publish","type":"page","link":"https:\/\/peruconsult.de\/es\/sostenibilidad\/","title":{"rendered":"sostenibilidad"},"content":{"rendered":"\t\t<div data-elementor-type=\"wp-page\" data-elementor-id=\"11130\" class=\"elementor elementor-11130 elementor-11129\" data-elementor-post-type=\"page\">\n\t\t\t\t\t\t<section class=\"has_eae_slider elementor-section elementor-top-section elementor-element elementor-element-cd92d38 elementor-section-boxed elementor-section-height-default elementor-section-height-default\" data-eae-slider=\"13864\" data-id=\"cd92d38\" data-element_type=\"section\" data-settings=\"{&quot;background_background&quot;:&quot;gradient&quot;}\">\n\t\t\t\t\t\t<div class=\"elementor-container elementor-column-gap-default\">\n\t\t\t\t\t<div class=\"has_eae_slider elementor-column elementor-col-100 elementor-top-column elementor-element elementor-element-f51b955\" data-eae-slider=\"69013\" data-id=\"f51b955\" data-element_type=\"column\">\n\t\t\t<div class=\"elementor-widget-wrap elementor-element-populated\">\n\t\t\t\t\t\t<div class=\"elementor-element elementor-element-0596547 elementor-widget elementor-widget-spacer\" data-id=\"0596547\" data-element_type=\"widget\" data-widget_type=\"spacer.default\">\n\t\t\t\t<div class=\"elementor-widget-container\">\n\t\t\t\t\t\t\t<div class=\"elementor-spacer\">\n\t\t\t<div class=\"elementor-spacer-inner\"><\/div>\n\t\t<\/div>\n\t\t\t\t\t\t<\/div>\n\t\t\t\t<\/div>\n\t\t\t\t<div class=\"elementor-element elementor-element-b70d54e elementor-widget elementor-widget-spacer\" data-id=\"b70d54e\" data-element_type=\"widget\" data-widget_type=\"spacer.default\">\n\t\t\t\t<div class=\"elementor-widget-container\">\n\t\t\t\t\t\t\t<div class=\"elementor-spacer\">\n\t\t\t<div class=\"elementor-spacer-inner\"><\/div>\n\t\t<\/div>\n\t\t\t\t\t\t<\/div>\n\t\t\t\t<\/div>\n\t\t\t\t<div class=\"elementor-element elementor-element-1385815 acenter elementor-widget elementor-widget-wgl-double-headings\" data-id=\"1385815\" data-element_type=\"widget\" data-widget_type=\"wgl-double-headings.default\">\n\t\t\t\t<div class=\"elementor-widget-container\">\n\t\t\t\t\t<div class=\"wgl-double_heading\"><h3 class=\"dbl__title-wrapper\"><span class=\"dbl__title\">Sostenibilidad cambia nuestra vida<br> <\/span><\/h3><\/div>\t\t\t\t<\/div>\n\t\t\t\t<\/div>\n\t\t\t\t<div class=\"elementor-element elementor-element-9bf0fce elementor-widget elementor-widget-spacer\" data-id=\"9bf0fce\" data-element_type=\"widget\" data-widget_type=\"spacer.default\">\n\t\t\t\t<div class=\"elementor-widget-container\">\n\t\t\t\t\t\t\t<div class=\"elementor-spacer\">\n\t\t\t<div class=\"elementor-spacer-inner\"><\/div>\n\t\t<\/div>\n\t\t\t\t\t\t<\/div>\n\t\t\t\t<\/div>\n\t\t\t\t<div class=\"elementor-element elementor-element-70d6e72 elementor-widget elementor-widget-spacer\" data-id=\"70d6e72\" data-element_type=\"widget\" data-widget_type=\"spacer.default\">\n\t\t\t\t<div class=\"elementor-widget-container\">\n\t\t\t\t\t\t\t<div class=\"elementor-spacer\">\n\t\t\t<div class=\"elementor-spacer-inner\"><\/div>\n\t\t<\/div>\n\t\t\t\t\t\t<\/div>\n\t\t\t\t<\/div>\n\t\t\t\t\t<\/div>\n\t\t<\/div>\n\t\t\t\t\t<\/div>\n\t\t<\/section>\n\t\t\t\t<section class=\"has_eae_slider elementor-section elementor-top-section elementor-element elementor-element-d8cbe73 elementor-section-full_width elementor-section-height-default elementor-section-height-default\" data-eae-slider=\"7548\" data-id=\"d8cbe73\" data-element_type=\"section\">\n\t\t\t\t\t\t<div class=\"elementor-container elementor-column-gap-extended\">\n\t\t\t\t\t<div class=\"has_eae_slider elementor-column elementor-col-50 elementor-top-column elementor-element elementor-element-280e2b8\" data-eae-slider=\"90559\" data-id=\"280e2b8\" data-element_type=\"column\" data-settings=\"{&quot;background_background&quot;:&quot;classic&quot;}\">\n\t\t\t<div class=\"elementor-widget-wrap elementor-element-populated\">\n\t\t\t\t\t\t<div class=\"elementor-element elementor-element-1d0603d elementor-widget elementor-widget-spacer\" data-id=\"1d0603d\" data-element_type=\"widget\" data-widget_type=\"spacer.default\">\n\t\t\t\t<div class=\"elementor-widget-container\">\n\t\t\t\t\t\t\t<div class=\"elementor-spacer\">\n\t\t\t<div class=\"elementor-spacer-inner\"><\/div>\n\t\t<\/div>\n\t\t\t\t\t\t<\/div>\n\t\t\t\t<\/div>\n\t\t\t\t\t<\/div>\n\t\t<\/div>\n\t\t\t\t<div class=\"has_eae_slider elementor-column elementor-col-50 elementor-top-column elementor-element elementor-element-68babcb\" data-eae-slider=\"99551\" data-id=\"68babcb\" data-element_type=\"column\" data-settings=\"{&quot;background_background&quot;:&quot;classic&quot;}\">\n\t\t\t<div class=\"elementor-widget-wrap elementor-element-populated\">\n\t\t\t\t\t\t<div class=\"elementor-element elementor-element-497e027 elementor-widget elementor-widget-spacer\" data-id=\"497e027\" data-element_type=\"widget\" data-widget_type=\"spacer.default\">\n\t\t\t\t<div class=\"elementor-widget-container\">\n\t\t\t\t\t\t\t<div class=\"elementor-spacer\">\n\t\t\t<div class=\"elementor-spacer-inner\"><\/div>\n\t\t<\/div>\n\t\t\t\t\t\t<\/div>\n\t\t\t\t<\/div>\n\t\t\t\t<div class=\"elementor-element elementor-element-9d3e2b7 elementor-widget__width-initial aleft elementor-widget elementor-widget-wgl-double-headings\" data-id=\"9d3e2b7\" data-element_type=\"widget\" data-widget_type=\"wgl-double-headings.default\">\n\t\t\t\t<div class=\"elementor-widget-container\">\n\t\t\t\t\t<div class=\"wgl-double_heading\"><div class=\"dbl__subtitle\"><span>nuestra fil\u00edsofia<\/span><\/div><h3 class=\"dbl__title-wrapper\"><span class=\"dbl__title\">Sostenibilidad es nuestra responsabilidad<\/span><\/h3><\/div>\t\t\t\t<\/div>\n\t\t\t\t<\/div>\n\t\t\t\t<div class=\"elementor-element elementor-element-489ac53 elementor-widget elementor-widget-spacer\" data-id=\"489ac53\" data-element_type=\"widget\" data-widget_type=\"spacer.default\">\n\t\t\t\t<div class=\"elementor-widget-container\">\n\t\t\t\t\t\t\t<div class=\"elementor-spacer\">\n\t\t\t<div class=\"elementor-spacer-inner\"><\/div>\n\t\t<\/div>\n\t\t\t\t\t\t<\/div>\n\t\t\t\t<\/div>\n\t\t\t\t<div class=\"elementor-element elementor-element-78683f5 elementor-widget__width-initial elementor-widget elementor-widget-text-editor\" data-id=\"78683f5\" data-element_type=\"widget\" data-widget_type=\"text-editor.default\">\n\t\t\t\t<div class=\"elementor-widget-container\">\n\t\t\t\t\t\t\t\t\t<p>Nuestro objetivo en Ehrsam Per\u00fa-Consult es maximizar el potencial de la creatividad humana. Sostenibilidad: ofrece nuevas oportunidades para nuestros clientes y socios y para Per\u00fa y Alemania, los pa\u00edses en los que operamos.<br \/>La sostenibilidad abarca los 17 objetivos de la ONU y, en particular, las \u00e1reas de medio ambiente y asuntos sociales. Por eso hemos hecho de la sostenibilidad una de nuestras tareas m\u00e1s importantes. No s\u00f3lo porque es lo correcto, sino porque creemos que la sostenibilidad ser\u00e1 la fuerza de cambio m\u00e1s poderosa de nuestra generaci\u00f3n.<br \/>Como la compa\u00f1\u00eda #1 en educaci\u00f3n para emprendedores en Per\u00fa-Alemania, estamos particularmente enfocados en el Objetivo 4 de la ONU: Educaci\u00f3n de Calidad.<\/p><p><strong>Informe de Sostenibilidad 2025<\/strong><br \/>Es con gran placer que presentamos nuestro 1er Informe de Sostenibilidad, que refleja el compromiso y el progreso hacia un futuro m\u00e1s sostenible. En cada paso de nuestra trayectoria empresarial, nos hemos comprometido a asumir responsabilidades medioambientales, sociales y econ\u00f3micas. <br \/>Este informe es un reflejo de nuestro compromiso y muestra nuestros esfuerzos por lograr un cambio positivo, tanto en nosotros mismos como en la comunidad en general. Independientemente de c\u00f3mo las tendencias pol\u00edticas actuales act\u00faen en contra de esto. Obtenga m\u00e1s informaci\u00f3n sobre nuestras acciones y logros en nuestro viaje hacia un futuro m\u00e1s responsable.<\/p>\t\t\t\t\t\t\t\t<\/div>\n\t\t\t\t<\/div>\n\t\t\t\t<section class=\"has_eae_slider elementor-section elementor-inner-section elementor-element elementor-element-9d8d595 elementor-section-full_width elementor-section-height-default elementor-section-height-default\" data-eae-slider=\"70769\" data-id=\"9d8d595\" data-element_type=\"section\">\n\t\t\t\t\t\t<div class=\"elementor-container elementor-column-gap-default\">\n\t\t\t\t\t<div class=\"has_eae_slider elementor-column elementor-col-100 elementor-inner-column elementor-element elementor-element-c9e80a5\" data-eae-slider=\"56833\" data-id=\"c9e80a5\" data-element_type=\"column\">\n\t\t\t<div class=\"elementor-widget-wrap elementor-element-populated\">\n\t\t\t\t\t\t<div class=\"elementor-element elementor-element-dd1a9d1 elementor-widget__width-initial aleft has-font elementor-widget-icon-box wgl-icon-box elementor-view-default elementor-widget elementor-widget-wgl-info-box\" data-id=\"dd1a9d1\" data-element_type=\"widget\" data-widget_type=\"wgl-info-box.default\">\n\t\t\t\t<div class=\"elementor-widget-container\">\n\t\t\t\t\t<a  class=\"wgl-infobox  wgl-layout-left\"><div class=\"media-wrapper icon-wrapper\"><span class=\"wgl-icon\" ><i class=\"icon elementor-icon flaticon flaticon-correct\" aria-hidden=\"true\"><\/i><\/span><\/div><div class=\"wgl-infobox_wrapper\"><div class=\"wgl-infobox-title_wrapper\"><\/div><div class=\"content_wrapper\"><div class=\"wgl-infobox_content\"><p>experiencia<\/p><\/div><\/div><\/div><\/a>\t\t\t\t<\/div>\n\t\t\t\t<\/div>\n\t\t\t\t<div class=\"elementor-element elementor-element-9435350 elementor-widget__width-initial aleft has-font elementor-widget-icon-box wgl-icon-box elementor-view-default elementor-widget elementor-widget-wgl-info-box\" data-id=\"9435350\" data-element_type=\"widget\" data-widget_type=\"wgl-info-box.default\">\n\t\t\t\t<div class=\"elementor-widget-container\">\n\t\t\t\t\t<a  class=\"wgl-infobox  wgl-layout-left\"><div class=\"media-wrapper icon-wrapper\"><span class=\"wgl-icon\" ><i class=\"icon elementor-icon flaticon flaticon-correct\" aria-hidden=\"true\"><\/i><\/span><\/div><div class=\"wgl-infobox_wrapper\"><div class=\"wgl-infobox-title_wrapper\"><\/div><div class=\"content_wrapper\"><div class=\"wgl-infobox_content\"><p>excelencia<\/p><\/div><\/div><\/div><\/a>\t\t\t\t<\/div>\n\t\t\t\t<\/div>\n\t\t\t\t<div class=\"elementor-element elementor-element-74454e7 elementor-widget__width-initial aleft has-font elementor-widget-icon-box wgl-icon-box elementor-view-default elementor-widget elementor-widget-wgl-info-box\" data-id=\"74454e7\" data-element_type=\"widget\" data-widget_type=\"wgl-info-box.default\">\n\t\t\t\t<div class=\"elementor-widget-container\">\n\t\t\t\t\t<a  class=\"wgl-infobox  wgl-layout-left\"><div class=\"media-wrapper icon-wrapper\"><span class=\"wgl-icon\" ><i class=\"icon elementor-icon flaticon flaticon-correct\" aria-hidden=\"true\"><\/i><\/span><\/div><div class=\"wgl-infobox_wrapper\"><div class=\"wgl-infobox-title_wrapper\"><\/div><div class=\"content_wrapper\"><div class=\"wgl-infobox_content\"><p>respeto<\/p><\/div><\/div><\/div><\/a>\t\t\t\t<\/div>\n\t\t\t\t<\/div>\n\t\t\t\t<div class=\"elementor-element elementor-element-0e391fd elementor-widget__width-initial aleft has-font elementor-widget-icon-box wgl-icon-box elementor-view-default elementor-widget elementor-widget-wgl-info-box\" data-id=\"0e391fd\" data-element_type=\"widget\" data-widget_type=\"wgl-info-box.default\">\n\t\t\t\t<div class=\"elementor-widget-container\">\n\t\t\t\t\t<a  class=\"wgl-infobox  wgl-layout-left\"><div class=\"media-wrapper icon-wrapper\"><span class=\"wgl-icon\" ><i class=\"icon elementor-icon flaticon flaticon-correct\" aria-hidden=\"true\"><\/i><\/span><\/div><div class=\"wgl-infobox_wrapper\"><div class=\"wgl-infobox-title_wrapper\"><\/div><div class=\"content_wrapper\"><div class=\"wgl-infobox_content\"><p>cercan\u00eda<\/p><\/div><\/div><\/div><\/a>\t\t\t\t<\/div>\n\t\t\t\t<\/div>\n\t\t\t\t<div class=\"elementor-element elementor-element-99677fc elementor-widget__width-initial aleft has-font elementor-widget-icon-box wgl-icon-box elementor-view-default elementor-widget elementor-widget-wgl-info-box\" data-id=\"99677fc\" data-element_type=\"widget\" data-widget_type=\"wgl-info-box.default\">\n\t\t\t\t<div class=\"elementor-widget-container\">\n\t\t\t\t\t<a  class=\"wgl-infobox  wgl-layout-left\"><div class=\"media-wrapper icon-wrapper\"><span class=\"wgl-icon\" ><i class=\"icon elementor-icon flaticon flaticon-correct\" aria-hidden=\"true\"><\/i><\/span><\/div><div class=\"wgl-infobox_wrapper\"><div class=\"wgl-infobox-title_wrapper\"><\/div><div class=\"content_wrapper\"><div class=\"wgl-infobox_content\"><p>redes<\/p><\/div><\/div><\/div><\/a>\t\t\t\t<\/div>\n\t\t\t\t<\/div>\n\t\t\t\t<div class=\"elementor-element elementor-element-3040a74 elementor-widget__width-initial aleft has-font elementor-widget-icon-box wgl-icon-box elementor-view-default elementor-widget elementor-widget-wgl-info-box\" data-id=\"3040a74\" data-element_type=\"widget\" data-widget_type=\"wgl-info-box.default\">\n\t\t\t\t<div class=\"elementor-widget-container\">\n\t\t\t\t\t<a  class=\"wgl-infobox  wgl-layout-left\"><div class=\"media-wrapper icon-wrapper\"><span class=\"wgl-icon\" ><i class=\"icon elementor-icon flaticon flaticon-correct\" aria-hidden=\"true\"><\/i><\/span><\/div><div class=\"wgl-infobox_wrapper\"><div class=\"wgl-infobox-title_wrapper\"><\/div><div class=\"content_wrapper\"><div class=\"wgl-infobox_content\"><p>motivaci\u00f3n<\/p><\/div><\/div><\/div><\/a>\t\t\t\t<\/div>\n\t\t\t\t<\/div>\n\t\t\t\t<div class=\"elementor-element elementor-element-ed87028 elementor-widget elementor-widget-spacer\" data-id=\"ed87028\" data-element_type=\"widget\" data-widget_type=\"spacer.default\">\n\t\t\t\t<div class=\"elementor-widget-container\">\n\t\t\t\t\t\t\t<div class=\"elementor-spacer\">\n\t\t\t<div class=\"elementor-spacer-inner\"><\/div>\n\t\t<\/div>\n\t\t\t\t\t\t<\/div>\n\t\t\t\t<\/div>\n\t\t\t\t\t<\/div>\n\t\t<\/div>\n\t\t\t\t\t<\/div>\n\t\t<\/section>\n\t\t\t\t\t<\/div>\n\t\t<\/div>\n\t\t\t\t\t<\/div>\n\t\t<\/section>\n\t\t\t\t<section class=\"has_eae_slider elementor-section elementor-top-section elementor-element elementor-element-17e3800 elementor-section-boxed elementor-section-height-default elementor-section-height-default\" data-eae-slider=\"65144\" data-id=\"17e3800\" data-element_type=\"section\">\n\t\t\t\t\t\t<div class=\"elementor-container elementor-column-gap-default\">\n\t\t\t\t\t<div class=\"has_eae_slider elementor-column elementor-col-100 elementor-top-column elementor-element elementor-element-5bef19c\" data-eae-slider=\"41445\" data-id=\"5bef19c\" data-element_type=\"column\">\n\t\t\t<div class=\"elementor-widget-wrap elementor-element-populated\">\n\t\t\t\t\t\t<div class=\"elementor-element elementor-element-86fd5f9 elementor-widget elementor-widget-spacer\" data-id=\"86fd5f9\" data-element_type=\"widget\" data-widget_type=\"spacer.default\">\n\t\t\t\t<div class=\"elementor-widget-container\">\n\t\t\t\t\t\t\t<div class=\"elementor-spacer\">\n\t\t\t<div class=\"elementor-spacer-inner\"><\/div>\n\t\t<\/div>\n\t\t\t\t\t\t<\/div>\n\t\t\t\t<\/div>\n\t\t\t\t\t<\/div>\n\t\t<\/div>\n\t\t\t\t\t<\/div>\n\t\t<\/section>\n\t\t\t\t<section class=\"has_eae_slider elementor-section elementor-top-section elementor-element elementor-element-095be16 elementor-section-boxed elementor-section-height-default elementor-section-height-default\" data-eae-slider=\"1845\" data-id=\"095be16\" data-element_type=\"section\">\n\t\t\t\t\t\t<div class=\"elementor-container elementor-column-gap-default\">\n\t\t\t\t\t<div class=\"has_eae_slider elementor-column elementor-col-100 elementor-top-column elementor-element elementor-element-77c0bd6\" data-eae-slider=\"46589\" data-id=\"77c0bd6\" data-element_type=\"column\">\n\t\t\t<div class=\"elementor-widget-wrap elementor-element-populated\">\n\t\t\t\t\t\t<div class=\"elementor-element elementor-element-e6247bc elementor-align-center elementor-widget elementor-widget-button\" data-id=\"e6247bc\" data-element_type=\"widget\" data-widget_type=\"button.default\">\n\t\t\t\t<div class=\"elementor-widget-container\">\n\t\t\t\t\t\t\t\t\t<div class=\"elementor-button-wrapper\">\n\t\t\t\t\t<a class=\"elementor-button elementor-button-link elementor-size-xl\" href=\"https:\/\/peruconsult.de\/wp-content\/uploads\/2025\/01\/EhrsamPeruConsult_Nachhaltigkeit_Bericht_informe_sostenibilidad_2025.pdf\">\n\t\t\t\t\t\t<span class=\"elementor-button-content-wrapper\">\n\t\t\t\t\t\t<span class=\"elementor-button-icon\">\n\t\t\t\t<svg aria-hidden=\"true\" class=\"e-font-icon-svg e-fas-file-download\" viewBox=\"0 0 384 512\" xmlns=\"http:\/\/www.w3.org\/2000\/svg\"><path d=\"M224 136V0H24C10.7 0 0 10.7 0 24v464c0 13.3 10.7 24 24 24h336c13.3 0 24-10.7 24-24V160H248c-13.2 0-24-10.8-24-24zm76.45 211.36l-96.42 95.7c-6.65 6.61-17.39 6.61-24.04 0l-96.42-95.7C73.42 337.29 80.54 320 94.82 320H160v-80c0-8.84 7.16-16 16-16h32c8.84 0 16 7.16 16 16v80h65.18c14.28 0 21.4 17.29 11.27 27.36zM377 105L279.1 7c-4.5-4.5-10.6-7-17-7H256v128h128v-6.1c0-6.3-2.5-12.4-7-16.9z\"><\/path><\/svg>\t\t\t<\/span>\n\t\t\t\t\t\t\t\t\t<span class=\"elementor-button-text\">Obtenga el informe de sostenibilidad de Ehrsam Peru-Consult<\/span>\n\t\t\t\t\t<\/span>\n\t\t\t\t\t<\/a>\n\t\t\t\t<\/div>\n\t\t\t\t\t\t\t\t<\/div>\n\t\t\t\t<\/div>\n\t\t\t\t\t<\/div>\n\t\t<\/div>\n\t\t\t\t\t<\/div>\n\t\t<\/section>\n\t\t\t\t<\/div>\n\t\t","protected":false},"excerpt":{"rendered":"<p>Sostenibilidad cambia nuestra vida nuestra fil\u00edsofia Sostenibilidad es nuestra responsabilidad Nuestro objetivo en Ehrsam Per\u00fa-Consult es maximizar el potencial de la creatividad humana. Sostenibilidad: ofrece nuevas oportunidades para nuestros clientes [&hellip;]<\/p>\n","protected":false},"author":2,"featured_media":8424,"parent":0,"menu_order":0,"comment_status":"closed","ping_status":"closed","template":"","meta":{"footnotes":""},"class_list":["post-11130","page","type-page","status-publish","has-post-thumbnail","hentry"],"_links":{"self":[{"href":"https:\/\/peruconsult.de\/es\/wp-json\/wp\/v2\/pages\/11130","targetHints":{"allow":["GET"]}}],"collection":[{"href":"https:\/\/peruconsult.de\/es\/wp-json\/wp\/v2\/pages"}],"about":[{"href":"https:\/\/peruconsult.de\/es\/wp-json\/wp\/v2\/types\/page"}],"author":[{"embeddable":true,"href":"https:\/\/peruconsult.de\/es\/wp-json\/wp\/v2\/users\/2"}],"replies":[{"embeddable":true,"href":"https:\/\/peruconsult.de\/es\/wp-json\/wp\/v2\/comments?post=11130"}],"version-history":[{"count":27,"href":"https:\/\/peruconsult.de\/es\/wp-json\/wp\/v2\/pages\/11130\/revisions"}],"predecessor-version":[{"id":12319,"href":"https:\/\/peruconsult.de\/es\/wp-json\/wp\/v2\/pages\/11130\/revisions\/12319"}],"wp:featuredmedia":[{"embeddable":true,"href":"https:\/\/peruconsult.de\/es\/wp-json\/wp\/v2\/media\/8424"}],"wp:attachment":[{"href":"https:\/\/peruconsult.de\/es\/wp-json\/wp\/v2\/media?parent=11130"}],"curies":[{"name":"wp","href":"https:\/\/api.w.org\/{rel}","templated":true}]}}